{"id":12464,"date":"2020-07-06T15:35:57","date_gmt":"2020-07-06T13:35:57","guid":{"rendered":"https:\/\/demo1.mycartheme.com\/?page_id=12464"},"modified":"2023-09-17T16:46:33","modified_gmt":"2023-09-17T14:46:33","slug":"calculateur-pret","status":"publish","type":"page","link":"https:\/\/woocars.ch\/it\/calcolatore-di-prestito\/","title":{"rendered":"Calcolatore di prestito"},"content":{"rendered":"<div data-elementor-type=\"wp-page\" data-elementor-id=\"12464\" class=\"elementor elementor-12464\" data-elementor-post-type=\"page\">\n\t\t\t\t\t\t<section class=\"elementor-section elementor-top-section elementor-element elementor-element-be4c023 elementor-section-boxed elementor-section-height-default elementor-section-height-default\" data-id=\"be4c023\" data-element_type=\"section\" data-e-type=\"section\">\n\t\t\t\t\t\t<div class=\"elementor-container elementor-column-gap-default\">\n\t\t\t\t\t<div class=\"elementor-column elementor-col-100 elementor-top-column elementor-element elementor-element-ff5ae5e\" data-id=\"ff5ae5e\" data-element_type=\"column\" data-e-type=\"column\">\n\t\t\t<div class=\"elementor-widget-wrap elementor-element-populated\">\n\t\t\t\t\t\t<div class=\"elementor-element elementor-element-b2fdcac elementor-widget elementor-widget-spacer\" data-id=\"b2fdcac\" data-element_type=\"widget\" data-e-type=\"widget\" data-widget_type=\"spacer.default\">\n\t\t\t\t<div class=\"elementor-widget-container\">\n\t\t\t\t\t\t\t<div class=\"elementor-spacer\">\n\t\t\t<div class=\"elementor-spacer-inner\"><\/div>\n\t\t<\/div>\n\t\t\t\t\t\t<\/div>\n\t\t\t\t<\/div>\n\t\t\t\t<div class=\"elementor-element elementor-element-459e4e0 elementor-widget elementor-widget-vehica_loan_calculator_general_widget\" data-id=\"459e4e0\" data-element_type=\"widget\" data-e-type=\"widget\" data-widget_type=\"vehica_loan_calculator_general_widget.default\">\n\t\t\t\t<div class=\"elementor-widget-container\">\n\t\t\t\t\t<div class=\"vehica-app\">\r\n    <vehica-loan-calculator\r\n            widget-id=\"459e4e0\"\r\n            decimal-separator=\".\"\r\n            thousands-separator=\"&#039;\"\r\n            :price-decimal-places=\"0\"\r\n            price-decimal-separator=\"\"\r\n            price-thousands-separator=\"&#039;\"\r\n            :round-to-integer=\"false\"\r\n    >\r\n        <div slot-scope=\"props\" class=\"vehica-loan-calculator\">\r\n            <div class=\"vehica-loan-calculator__title\">\r\n                Calcolatore di prestito            <\/div>\r\n\r\n                            <div class=\"vehica-loan-calculator__subtitle\">\r\n                    <p>Utilizza il nostro calcolatore di prestito per calcolare i pagamenti sulla durata del tuo prestito. Inserisci le tue informazioni per vedere quanto potrebbero ammontare i tuoi pagamenti mensili. Puoi regolare la durata del prestito, l'anticipo e il tasso di interesse per vedere come queste variazioni aumentano o diminuiscono i tuoi pagamenti.<\/p>                <\/div>\r\n            \r\n            <form @submit.prevent=\"props.onCalculate\" action=\"\">\r\n                <div class=\"vehica-loan-calculator__fields\">\r\n                    <div class=\"vehica-loan-calculator__fields__inner\">\r\n                        <div class=\"vehica-loan-calculator__field-wrapper\">\r\n                            <h4>\r\n                                Prezzo                                <span class=\"vehica-text-primary\">*<\/span>\r\n                            <\/h4>\r\n\r\n                            <div class=\"vehica-loan-calculator__field\">\r\n                                <div class=\"vehica-loan-calculator__sign\">\r\n                                    <i class=\"fas fa-tag\"><\/i>\r\n                                <\/div>\r\n\r\n                                <input\r\n                                        id=\"vehica-459e4e0-loan-calculator__price\"\r\n                                        type=\"text\"\r\n                                                                    >\r\n                            <\/div>\r\n                        <\/div>\r\n\r\n                        <div class=\"vehica-loan-calculator__field-wrapper\">\r\n                            <h4>\r\n                                Tasso di interesse                                <span class=\"vehica-text-primary\">*<\/span>\r\n                            <\/h4>\r\n\r\n                            <div class=\"vehica-loan-calculator__field\">\r\n                                <div class=\"vehica-loan-calculator__sign\">\r\n                                    %                                <\/div>\r\n\r\n                                <input\r\n                                        id=\"vehica-459e4e0-loan-calculator__rate\"\r\n                                        type=\"text\"\r\n                                        value=\"5\"\r\n                                >\r\n                            <\/div>\r\n                        <\/div>\r\n\r\n                        <div class=\"vehica-loan-calculator__field-wrapper\">\r\n                            <h4>Periodo (Mesi)                                <span class=\"vehica-text-primary\">*<\/span>\r\n                            <\/h4>\r\n\r\n                            <div class=\"vehica-loan-calculator__field\">\r\n                                <div class=\"vehica-loan-calculator__sign\">\r\n                                    <i class=\"far fa-calendar-alt\"><\/i>\r\n                                <\/div>\r\n\r\n                                <input\r\n                                        id=\"vehica-459e4e0-loan-calculator__months\"\r\n                                        type=\"text\"\r\n                                        value=\"36\"\r\n                                >\r\n                            <\/div>\r\n                        <\/div>\r\n\r\n                        <div class=\"vehica-loan-calculator__field-wrapper\">\r\n                            <h4>Importo del deposito<\/h4>\r\n\r\n                            <div class=\"vehica-loan-calculator__field\">\r\n                                <div class=\"vehica-loan-calculator__sign\">\r\n                                    CHF                                 <\/div>\r\n\r\n                                <input\r\n                                        id=\"vehica-459e4e0-loan-calculator__contribution\"\r\n                                        type=\"text\"\r\n                                                                    >\r\n                            <\/div>\r\n                        <\/div>\r\n                    <\/div>\r\n                <\/div>\r\n            <input type=\"hidden\" name=\"trp-form-language\" value=\"it\"\/><\/form>\r\n\r\n            <div>\r\n                <div class=\"vehica-loan-calculator__separator\"><\/div>\r\n\r\n                <div class=\"vehica-loan-calculator__results--wrapper\">\r\n                    <div class=\"vehica-loan-calculator__results\">\r\n                        <div class=\"vehica-loan-calculator__results__col\">\r\n                            <h3>Pagamento mensile<\/h3>\r\n                            <h4 v-if=\"!props.showResults\">-<\/h4>\r\n                            <template>\r\n                                <h4 v-if=\"props.showResults\">{{ props.installment }}<\/h4>\r\n                            <\/template>\r\n                        <\/div>\r\n\r\n                        <div class=\"vehica-loan-calculator__results__col\">\r\n                            <h3>Totale degli interessi<\/h3>\r\n                            <h4 v-if=\"!props.showResults\">-<\/h4>\r\n                            <template>\r\n                                <h4 v-if=\"props.showResults\">{{ props.interest }}<\/h4>\r\n                            <\/template>\r\n                        <\/div>\r\n\r\n                        <div class=\"vehica-loan-calculator__results__col\">\r\n                            <h3>Totale dei pagamenti<\/h3>\r\n                            <h4 v-if=\"!props.showResults\">-<\/h4>\r\n                            <template>\r\n                                <h4 v-if=\"props.showResults\">\r\n                                    {{ props.total }}\r\n                                <\/h4>\r\n                            <\/template>\r\n                        <\/div>\r\n                    <\/div>\r\n                <\/div>\r\n                                    <div class=\"vehica-loan-calculator__end-text\">\r\n                        <p>Le stime dei pagamenti mensili sono fornite solo a scopo informativo e non rappresentano un'offerta di finanziamento da parte del venditore di questo veicolo. Possono applicarsi altre tasse.<\/p>                    <\/div>\r\n                            <\/div>\r\n        <\/div>\r\n    <\/vehica-loan-calculator>\r\n<\/div>\t\t\t\t<\/div>\n\t\t\t\t<\/div>\n\t\t\t\t<div class=\"elementor-element elementor-element-1607bc3 elementor-widget elementor-widget-spacer\" data-id=\"1607bc3\" data-element_type=\"widget\" data-e-type=\"widget\" data-widget_type=\"spacer.default\">\n\t\t\t\t<div class=\"elementor-widget-container\">\n\t\t\t\t\t\t\t<div class=\"elementor-spacer\">\n\t\t\t<div class=\"elementor-spacer-inner\"><\/div>\n\t\t<\/div>\n\t\t\t\t\t\t<\/div>\n\t\t\t\t<\/div>\n\t\t\t\t\t<\/div>\n\t\t<\/div>\n\t\t\t\t\t<\/div>\n\t\t<\/section>\n\t\t\t\t<\/div>","protected":false},"excerpt":{"rendered":"<p>Calculateur de pr\u00eat Utilisez notre calculatrice de pr\u00eat pour calculer les paiements sur la dur\u00e9e de votre pr\u00eat. Saisissez vos informations pour voir \u00e0 combien pourraient s&rsquo;\u00e9lever vos paiements mensuels. Vous pouvez ajuster la dur\u00e9e du pr\u00eat, l&rsquo;acompte et le taux d&rsquo;int\u00e9r\u00eat pour voir comment ces changements augmentent ou diminuent vos paiements. Prix * Taux [&hellip;]<\/p>","protected":false},"author":1,"featured_media":0,"parent":0,"menu_order":0,"comment_status":"closed","ping_status":"closed","template":"","meta":{"footnotes":""},"class_list":["post-12464","page","type-page","status-publish","hentry"],"_links":{"self":[{"href":"https:\/\/woocars.ch\/it\/wp-json\/wp\/v2\/pages\/12464","targetHints":{"allow":["GET"]}}],"collection":[{"href":"https:\/\/woocars.ch\/it\/wp-json\/wp\/v2\/pages"}],"about":[{"href":"https:\/\/woocars.ch\/it\/wp-json\/wp\/v2\/types\/page"}],"author":[{"embeddable":true,"href":"https:\/\/woocars.ch\/it\/wp-json\/wp\/v2\/users\/1"}],"replies":[{"embeddable":true,"href":"https:\/\/woocars.ch\/it\/wp-json\/wp\/v2\/comments?post=12464"}],"version-history":[{"count":0,"href":"https:\/\/woocars.ch\/it\/wp-json\/wp\/v2\/pages\/12464\/revisions"}],"wp:attachment":[{"href":"https:\/\/woocars.ch\/it\/wp-json\/wp\/v2\/media?parent=12464"}],"curies":[{"name":"wp","href":"https:\/\/api.w.org\/{rel}","templated":true}]}}